{"id":1226,"date":"2023-08-02T08:25:01","date_gmt":"2023-08-02T08:25:01","guid":{"rendered":"https:\/\/lazaroinformatica.es\/?page_id=1226"},"modified":"2023-08-02T08:33:40","modified_gmt":"2023-08-02T08:33:40","slug":"formulario-de-contacto-accesibilidad","status":"publish","type":"page","link":"https:\/\/lazaroinformatica.es\/en\/formulario-de-contacto-accesibilidad\/","title":{"rendered":"Formulario de contacto: Accesibilidad"},"content":{"rendered":"<div data-elementor-type=\"wp-page\" data-elementor-id=\"1226\" class=\"elementor elementor-1226\">\n\t\t\t\t\t\t<section class=\"elementor-section elementor-top-section elementor-element elementor-element-a53b66d elementor-section-boxed elementor-section-height-default elementor-section-height-default\" data-id=\"a53b66d\" data-element_type=\"section\">\n\t\t\t\t\t\t<div class=\"elementor-container elementor-column-gap-default\">\n\t\t\t\t\t<div class=\"elementor-column elementor-col-100 elementor-top-column elementor-element elementor-element-119f0ea\" data-id=\"119f0ea\" data-element_type=\"column\">\n\t\t\t<div class=\"elementor-widget-wrap elementor-element-populated\">\n\t\t\t\t\t\t<div class=\"elementor-element elementor-element-b3d0dcf elementor-widget elementor-widget-heading\" data-id=\"b3d0dcf\" data-element_type=\"widget\" data-widget_type=\"heading.default\">\n\t\t\t\t<div class=\"elementor-widget-container\">\n\t\t\t<style>\/*! elementor - v3.19.0 - 28-02-2024 *\/\n.elementor-heading-title{padding:0;margin:0;line-height:1}.elementor-widget-heading .elementor-heading-title[class*=elementor-size-]>a{color:inherit;font-size:inherit;line-height:inherit}.elementor-widget-heading .elementor-heading-title.elementor-size-small{font-size:15px}.elementor-widget-heading .elementor-heading-title.elementor-size-medium{font-size:19px}.elementor-widget-heading .elementor-heading-title.elementor-size-large{font-size:29px}.elementor-widget-heading .elementor-heading-title.elementor-size-xl{font-size:39px}.elementor-widget-heading .elementor-heading-title.elementor-size-xxl{font-size:59px}<\/style><h2 class=\"elementor-heading-title elementor-size-default\">Formulario de contacto: Accesibilidad<\/h2>\t\t<\/div>\n\t\t\t\t<\/div>\n\t\t\t\t\t<\/div>\n\t\t<\/div>\n\t\t\t\t\t<\/div>\n\t\t<\/section>\n\t\t\t\t<section class=\"elementor-section elementor-top-section elementor-element elementor-element-816d55b elementor-section-boxed elementor-section-height-default elementor-section-height-default\" data-id=\"816d55b\" data-element_type=\"section\">\n\t\t\t\t\t\t<div class=\"elementor-container elementor-column-gap-default\">\n\t\t\t\t\t<div class=\"elementor-column elementor-col-100 elementor-top-column elementor-element elementor-element-4b46baf\" data-id=\"4b46baf\" data-element_type=\"column\">\n\t\t\t<div class=\"elementor-widget-wrap elementor-element-populated\">\n\t\t\t\t\t\t<div class=\"elementor-element elementor-element-1cf1edb elementor-widget elementor-widget-text-editor\" data-id=\"1cf1edb\" data-element_type=\"widget\" data-widget_type=\"text-editor.default\">\n\t\t\t\t<div class=\"elementor-widget-container\">\n\t\t\t<style>\/*! elementor - v3.19.0 - 28-02-2024 *\/\n.elementor-widget-text-editor.elementor-drop-cap-view-stacked .elementor-drop-cap{background-color:#69727d;color:#fff}.elementor-widget-text-editor.elementor-drop-cap-view-framed .elementor-drop-cap{color:#69727d;border:3px solid;background-color:transparent}.elementor-widget-text-editor:not(.elementor-drop-cap-view-default) .elementor-drop-cap{margin-top:8px}.elementor-widget-text-editor:not(.elementor-drop-cap-view-default) .elementor-drop-cap-letter{width:1em;height:1em}.elementor-widget-text-editor .elementor-drop-cap{float:left;text-align:center;line-height:1;font-size:50px}.elementor-widget-text-editor .elementor-drop-cap-letter{display:inline-block}<\/style>\t\t\t\t<p>A trav\u00e9s de este formulario puede realizar comunicaciones sobre requisitos de accesibilidad (art\u00edculo 10.2.a del RD 1112\/2018): informar sobre cualquier posible incumplimiento por parte de este sitio web, transmitir otras dificultades de acceso al contenido o formular cualquier otra consulta o sugerencia de mejora relativa a la accesibilidad del sitio web.<\/p>\t\t\t\t\t\t<\/div>\n\t\t\t\t<\/div>\n\t\t\t\t\t<\/div>\n\t\t<\/div>\n\t\t\t\t\t<\/div>\n\t\t<\/section>\n\t\t\t\t<section class=\"elementor-section elementor-top-section elementor-element elementor-element-4a3e567 elementor-section-boxed elementor-section-height-default elementor-section-height-default\" data-id=\"4a3e567\" data-element_type=\"section\">\n\t\t\t\t\t\t<div class=\"elementor-container elementor-column-gap-default\">\n\t\t\t\t\t<div class=\"elementor-column elementor-col-100 elementor-top-column elementor-element elementor-element-dd01fc5\" data-id=\"dd01fc5\" data-element_type=\"column\">\n\t\t\t<div class=\"elementor-widget-wrap elementor-element-populated\">\n\t\t\t\t\t\t<div class=\"elementor-element elementor-element-bacc485 elementor-widget elementor-widget-wpforms\" data-id=\"bacc485\" data-element_type=\"widget\" data-widget_type=\"wpforms.default\">\n\t\t\t\t<div class=\"elementor-widget-container\">\n\t\t\t<div class=\"wpforms-container\" id=\"wpforms-1234\"><form id=\"wpforms-form-1234\" class=\"wpforms-validate wpforms-form wpforms-ajax-form\" data-formid=\"1234\" method=\"post\" enctype=\"multipart\/form-data\" action=\"\/en\/wp-json\/wp\/v2\/pages\/1226\" data-token=\"c4a63b9cd3d821d7de629259eed80e0b\" data-trp-original-action=\"\/en\/wp-json\/wp\/v2\/pages\/1226\"><noscript class=\"wpforms-error-noscript\">Please enable JavaScript in your browser to complete this form.<\/noscript><div class=\"wpforms-field-container\"><div id=\"wpforms-1234-field_1-container\" class=\"wpforms-field wpforms-field-name\" data-field-id=\"1\"><label class=\"wpforms-field-label\" for=\"wpforms-1234-field_1\">Name <span class=\"wpforms-required-label\">*<\/span><\/label><div class=\"wpforms-field-row wpforms-field-medium\"><div class=\"wpforms-field-row-block wpforms-first wpforms-one-half\"><input type=\"text\" id=\"wpforms-1234-field_1\" class=\"wpforms-field-name-first wpforms-field-required\" name=\"wpforms[fields][1][first]\" required><label for=\"wpforms-1234-field_1\" class=\"wpforms-field-sublabel after\">First<\/label><\/div><div class=\"wpforms-field-row-block wpforms-one-half\"><input type=\"text\" id=\"wpforms-1234-field_1-last\" class=\"wpforms-field-name-last wpforms-field-required\" name=\"wpforms[fields][1][last]\" required><label for=\"wpforms-1234-field_1-last\" class=\"wpforms-field-sublabel after\">Last<\/label><\/div><\/div><\/div><div id=\"wpforms-1234-field_2-container\" class=\"wpforms-field wpforms-field-text\" data-field-id=\"2\"><label class=\"wpforms-field-label\" for=\"wpforms-1234-field_2\">Organizaci\u00f3n <span class=\"wpforms-required-label\">*<\/span><\/label><input type=\"text\" id=\"wpforms-1234-field_2\" class=\"wpforms-field-medium wpforms-field-required\" name=\"wpforms[fields][2]\" required><\/div><div id=\"wpforms-1234-field_3-container\" class=\"wpforms-field wpforms-field-email\" data-field-id=\"3\"><label class=\"wpforms-field-label\" for=\"wpforms-1234-field_3\">Email <span class=\"wpforms-required-label\">*<\/span><\/label><input type=\"email\" id=\"wpforms-1234-field_3\" class=\"wpforms-field-medium wpforms-field-required\" name=\"wpforms[fields][3]\" spellcheck=\"false\" required><\/div><div id=\"wpforms-1234-field_4-container\" class=\"wpforms-field wpforms-field-text\" data-field-id=\"4\"><label class=\"wpforms-field-label\" for=\"wpforms-1234-field_4\">Asunto <span class=\"wpforms-required-label\">*<\/span><\/label><input type=\"text\" id=\"wpforms-1234-field_4\" class=\"wpforms-field-medium wpforms-field-required\" name=\"wpforms[fields][4]\" required><\/div><div id=\"wpforms-1234-field_5-container\" class=\"wpforms-field wpforms-field-textarea\" data-field-id=\"5\"><label class=\"wpforms-field-label\" for=\"wpforms-1234-field_5\">D\u00e9jenos aqu\u00ed su mensaje <span class=\"wpforms-required-label\">*<\/span><\/label><textarea id=\"wpforms-1234-field_5\" class=\"wpforms-field-medium wpforms-field-required\" name=\"wpforms[fields][5]\" required><\/textarea><\/div><div id=\"wpforms-1234-field_6-container\" class=\"wpforms-field wpforms-field-checkbox\" data-field-id=\"6\"><ul id=\"wpforms-1234-field_6\" class=\"wpforms-field-required\"><li class=\"choice-1 depth-1\"><input type=\"checkbox\" id=\"wpforms-1234-field_6_1\" name=\"wpforms[fields][6][]\" value=\"He le\u00eddo y acepto la &lt;a target=\u201c_blank\u201d href=\u201chttps:\/\/lazaroinformatica.es\/privacidad\/\u201d style=\u201ccolor:#C73430;\u201c&gt;Pol\u00edtica de Privacidad&lt;\/a&gt;.\" required><label class=\"wpforms-field-label-inline\" for=\"wpforms-1234-field_6_1\">I have read and accept the <a target=\"\u201c_blank\u201d\" href=\"\/\/lazaroinformatica.es\/en\/privacidad\/\u201d\/\" style=\"\u201c\">Privacy Polity<\/a>.<\/label><\/li><\/ul><\/div><\/div><!-- .wpforms-field-container --><div class=\"wpforms-submit-container\" ><input type=\"hidden\" name=\"wpforms[id]\" value=\"1234\"><input type=\"hidden\" name=\"wpforms[author]\" value=\"1\"><button type=\"submit\" name=\"wpforms[submit]\" id=\"wpforms-submit-1234\" class=\"wpforms-submit\" data-alt-text=\"Enviando...\" data-submit-text=\"Enviar\" aria-live=\"assertive\" value=\"wpforms-submit\">Send<\/button><img decoding=\"async\" src=\"https:\/\/lazaroinformatica.es\/wp-content\/plugins\/wpforms-lite\/assets\/images\/submit-spin.svg\" class=\"wpforms-submit-spinner\" style=\"display: none;\" width=\"26\" height=\"26\" alt=\"Loading\"><\/div><input type=\"hidden\" name=\"trp-form-language\" value=\"en\"\/><\/form><\/div>  <!-- .wpforms-container -->\t\t<\/div>\n\t\t\t\t<\/div>\n\t\t\t\t\t<\/div>\n\t\t<\/div>\n\t\t\t\t\t<\/div>\n\t\t<\/section>\n\t\t\t\t<\/div>","protected":false},"excerpt":{"rendered":"<p>Formulario de contacto: Accesibilidad A trav\u00e9s de este formulario puede realizar comunicaciones sobre requisitos de accesibilidad (art\u00edculo 10.2.a del RD 1112\/2018): informar sobre cualquier posible incumplimiento por parte de este sitio web, transmitir otras dificultades de acceso al contenido o formular cualquier otra consulta o sugerencia de mejora relativa a la accesibilidad del sitio web.<\/p>","protected":false},"author":1,"featured_media":0,"parent":0,"menu_order":0,"comment_status":"closed","ping_status":"closed","template":"","meta":{"site-sidebar-layout":"no-sidebar","site-content-layout":"page-builder","ast-global-header-display":"","ast-main-header-display":"","ast-hfb-above-header-display":"","ast-hfb-below-header-display":"","ast-hfb-mobile-header-display":"","site-post-title":"disabled","ast-breadcrumbs-content":"","ast-featured-img":"disabled","footer-sml-layout":"","theme-transparent-header-meta":"","adv-header-id-meta":"","stick-header-meta":"","header-above-stick-meta":"","header-main-stick-meta":"","header-below-stick-meta":"","footnotes":""},"class_list":["post-1226","page","type-page","status-publish","hentry"],"yoast_head":"<!-- This site is optimized with the Yoast SEO plugin v22.1 - https:\/\/yoast.com\/wordpress\/plugins\/seo\/ -->\n<title>Formulario de contacto: Accesibilidad - L\u00e1zaro Inform\u00e1tica<\/title>\n<meta name=\"robots\" content=\"index, follow, max-snippet:-1, max-image-preview:large, max-video-preview:-1\" \/>\n<link rel=\"canonical\" href=\"https:\/\/lazaroinformatica.es\/en\/formulario-de-contacto-accesibilidad\/\" \/>\n<meta property=\"og:locale\" content=\"en_GB\" \/>\n<meta property=\"og:type\" content=\"article\" \/>\n<meta property=\"og:title\" content=\"Formulario de contacto: Accesibilidad - L\u00e1zaro Inform\u00e1tica\" \/>\n<meta property=\"og:description\" content=\"Formulario de contacto: Accesibilidad A trav\u00e9s de este formulario puede realizar comunicaciones sobre requisitos de accesibilidad (art\u00edculo 10.2.a del RD 1112\/2018): informar sobre cualquier posible incumplimiento por parte de este sitio web, transmitir otras dificultades de acceso al contenido o formular cualquier otra consulta o sugerencia de mejora relativa a la accesibilidad del sitio web.\" \/>\n<meta property=\"og:url\" content=\"https:\/\/lazaroinformatica.es\/en\/formulario-de-contacto-accesibilidad\/\" \/>\n<meta property=\"og:site_name\" content=\"L\u00e1zaro Inform\u00e1tica\" \/>\n<meta property=\"article:publisher\" content=\"https:\/\/www.facebook.com\/lazaroinformatica\" \/>\n<meta property=\"article:modified_time\" content=\"2023-08-02T08:33:40+00:00\" \/>\n<meta name=\"twitter:card\" content=\"summary_large_image\" \/>\n<script type=\"application\/ld+json\" class=\"yoast-schema-graph\">{\"@context\":\"https:\/\/schema.org\",\"@graph\":[{\"@type\":\"WebPage\",\"@id\":\"https:\/\/lazaroinformatica.es\/formulario-de-contacto-accesibilidad\/\",\"url\":\"https:\/\/lazaroinformatica.es\/formulario-de-contacto-accesibilidad\/\",\"name\":\"Formulario de contacto: Accesibilidad - L\u00e1zaro Inform\u00e1tica\",\"isPartOf\":{\"@id\":\"https:\/\/lazaroinformatica.es\/#website\"},\"datePublished\":\"2023-08-02T08:25:01+00:00\",\"dateModified\":\"2023-08-02T08:33:40+00:00\",\"breadcrumb\":{\"@id\":\"https:\/\/lazaroinformatica.es\/formulario-de-contacto-accesibilidad\/#breadcrumb\"},\"inLanguage\":\"en-GB\",\"potentialAction\":[{\"@type\":\"ReadAction\",\"target\":[\"https:\/\/lazaroinformatica.es\/formulario-de-contacto-accesibilidad\/\"]}]},{\"@type\":\"BreadcrumbList\",\"@id\":\"https:\/\/lazaroinformatica.es\/formulario-de-contacto-accesibilidad\/#breadcrumb\",\"itemListElement\":[{\"@type\":\"ListItem\",\"position\":1,\"name\":\"Portada\",\"item\":\"https:\/\/lazaroinformatica.es\/\"},{\"@type\":\"ListItem\",\"position\":2,\"name\":\"Formulario de contacto: Accesibilidad\"}]},{\"@type\":\"WebSite\",\"@id\":\"https:\/\/lazaroinformatica.es\/#website\",\"url\":\"https:\/\/lazaroinformatica.es\/\",\"name\":\"L\u00e1zaro Inform\u00e1tica\",\"description\":\"Tienda de electr\u00f3nica\",\"publisher\":{\"@id\":\"https:\/\/lazaroinformatica.es\/#organization\"},\"potentialAction\":[{\"@type\":\"SearchAction\",\"target\":{\"@type\":\"EntryPoint\",\"urlTemplate\":\"https:\/\/lazaroinformatica.es\/?s={search_term_string}\"},\"query-input\":\"required name=search_term_string\"}],\"inLanguage\":\"en-GB\"},{\"@type\":\"Organization\",\"@id\":\"https:\/\/lazaroinformatica.es\/#organization\",\"name\":\"L\u00e1zaro Inform\u00e1tica\",\"url\":\"https:\/\/lazaroinformatica.es\/\",\"logo\":{\"@type\":\"ImageObject\",\"inLanguage\":\"en-GB\",\"@id\":\"https:\/\/lazaroinformatica.es\/#\/schema\/logo\/image\/\",\"url\":\"https:\/\/lazaroinformatica.es\/wp-content\/uploads\/2023\/05\/LogoMakr_36FBtv-300x54-1.png\",\"contentUrl\":\"https:\/\/lazaroinformatica.es\/wp-content\/uploads\/2023\/05\/LogoMakr_36FBtv-300x54-1.png\",\"width\":300,\"height\":54,\"caption\":\"L\u00e1zaro Inform\u00e1tica\"},\"image\":{\"@id\":\"https:\/\/lazaroinformatica.es\/#\/schema\/logo\/image\/\"},\"sameAs\":[\"https:\/\/www.facebook.com\/lazaroinformatica\",\"https:\/\/www.instagram.com\/lazaroinformatica\/\"]}]}<\/script>\n<!-- \/ Yoast SEO plugin. -->","yoast_head_json":{"title":"Formulario de contacto: Accesibilidad - L\u00e1zaro Inform\u00e1tica","robots":{"index":"index","follow":"follow","max-snippet":"max-snippet:-1","max-image-preview":"max-image-preview:large","max-video-preview":"max-video-preview:-1"},"canonical":"https:\/\/lazaroinformatica.es\/en\/formulario-de-contacto-accesibilidad\/","og_locale":"en_GB","og_type":"article","og_title":"Formulario de contacto: Accesibilidad - L\u00e1zaro Inform\u00e1tica","og_description":"Formulario de contacto: Accesibilidad A trav\u00e9s de este formulario puede realizar comunicaciones sobre requisitos de accesibilidad (art\u00edculo 10.2.a del RD 1112\/2018): informar sobre cualquier posible incumplimiento por parte de este sitio web, transmitir otras dificultades de acceso al contenido o formular cualquier otra consulta o sugerencia de mejora relativa a la accesibilidad del sitio web.","og_url":"https:\/\/lazaroinformatica.es\/en\/formulario-de-contacto-accesibilidad\/","og_site_name":"L\u00e1zaro Inform\u00e1tica","article_publisher":"https:\/\/www.facebook.com\/lazaroinformatica","article_modified_time":"2023-08-02T08:33:40+00:00","twitter_card":"summary_large_image","schema":{"@context":"https:\/\/schema.org","@graph":[{"@type":"WebPage","@id":"https:\/\/lazaroinformatica.es\/formulario-de-contacto-accesibilidad\/","url":"https:\/\/lazaroinformatica.es\/formulario-de-contacto-accesibilidad\/","name":"Formulario de contacto: Accesibilidad - L\u00e1zaro Inform\u00e1tica","isPartOf":{"@id":"https:\/\/lazaroinformatica.es\/#website"},"datePublished":"2023-08-02T08:25:01+00:00","dateModified":"2023-08-02T08:33:40+00:00","breadcrumb":{"@id":"https:\/\/lazaroinformatica.es\/formulario-de-contacto-accesibilidad\/#breadcrumb"},"inLanguage":"en-GB","potentialAction":[{"@type":"ReadAction","target":["https:\/\/lazaroinformatica.es\/formulario-de-contacto-accesibilidad\/"]}]},{"@type":"BreadcrumbList","@id":"https:\/\/lazaroinformatica.es\/formulario-de-contacto-accesibilidad\/#breadcrumb","itemListElement":[{"@type":"ListItem","position":1,"name":"Portada","item":"https:\/\/lazaroinformatica.es\/"},{"@type":"ListItem","position":2,"name":"Formulario de contacto: Accesibilidad"}]},{"@type":"WebSite","@id":"https:\/\/lazaroinformatica.es\/#website","url":"https:\/\/lazaroinformatica.es\/","name":"L\u00e1zaro Inform\u00e1tica","description":"Tienda de electr\u00f3nica","publisher":{"@id":"https:\/\/lazaroinformatica.es\/#organization"},"potentialAction":[{"@type":"SearchAction","target":{"@type":"EntryPoint","urlTemplate":"https:\/\/lazaroinformatica.es\/?s={search_term_string}"},"query-input":"required name=search_term_string"}],"inLanguage":"en-GB"},{"@type":"Organization","@id":"https:\/\/lazaroinformatica.es\/#organization","name":"L\u00e1zaro Inform\u00e1tica","url":"https:\/\/lazaroinformatica.es\/","logo":{"@type":"ImageObject","inLanguage":"en-GB","@id":"https:\/\/lazaroinformatica.es\/#\/schema\/logo\/image\/","url":"https:\/\/lazaroinformatica.es\/wp-content\/uploads\/2023\/05\/LogoMakr_36FBtv-300x54-1.png","contentUrl":"https:\/\/lazaroinformatica.es\/wp-content\/uploads\/2023\/05\/LogoMakr_36FBtv-300x54-1.png","width":300,"height":54,"caption":"L\u00e1zaro Inform\u00e1tica"},"image":{"@id":"https:\/\/lazaroinformatica.es\/#\/schema\/logo\/image\/"},"sameAs":["https:\/\/www.facebook.com\/lazaroinformatica","https:\/\/www.instagram.com\/lazaroinformatica\/"]}]}},"_links":{"self":[{"href":"https:\/\/lazaroinformatica.es\/en\/wp-json\/wp\/v2\/pages\/1226","targetHints":{"allow":["GET"]}}],"collection":[{"href":"https:\/\/lazaroinformatica.es\/en\/wp-json\/wp\/v2\/pages"}],"about":[{"href":"https:\/\/lazaroinformatica.es\/en\/wp-json\/wp\/v2\/types\/page"}],"author":[{"embeddable":true,"href":"https:\/\/lazaroinformatica.es\/en\/wp-json\/wp\/v2\/users\/1"}],"replies":[{"embeddable":true,"href":"https:\/\/lazaroinformatica.es\/en\/wp-json\/wp\/v2\/comments?post=1226"}],"version-history":[{"count":0,"href":"https:\/\/lazaroinformatica.es\/en\/wp-json\/wp\/v2\/pages\/1226\/revisions"}],"wp:attachment":[{"href":"https:\/\/lazaroinformatica.es\/en\/wp-json\/wp\/v2\/media?parent=1226"}],"curies":[{"name":"wp","href":"https:\/\/api.w.org\/{rel}","templated":true}]}}