{"id":1217,"date":"2023-08-02T08:08:20","date_gmt":"2023-08-02T08:08:20","guid":{"rendered":"https:\/\/lazaroinformatica.es\/?page_id=1217"},"modified":"2023-08-02T09:18:51","modified_gmt":"2023-08-02T09:18:51","slug":"declaracion-de-accesibilidad","status":"publish","type":"page","link":"https:\/\/lazaroinformatica.es\/en\/declaracion-de-accesibilidad\/","title":{"rendered":"Declaraci\u00f3n de Accesibilidad"},"content":{"rendered":"<div data-elementor-type=\"wp-page\" data-elementor-id=\"1217\" class=\"elementor elementor-1217\">\n\t\t\t\t\t\t<section class=\"elementor-section elementor-top-section elementor-element elementor-element-c5ac5cc elementor-section-boxed elementor-section-height-default elementor-section-height-default\" data-id=\"c5ac5cc\" data-element_type=\"section\">\n\t\t\t\t\t\t<div class=\"elementor-container elementor-column-gap-default\">\n\t\t\t\t\t<div class=\"elementor-column elementor-col-100 elementor-top-column elementor-element elementor-element-3d2f5e4\" data-id=\"3d2f5e4\" data-element_type=\"column\">\n\t\t\t<div class=\"elementor-widget-wrap elementor-element-populated\">\n\t\t\t\t\t\t<div class=\"elementor-element elementor-element-f6fa9a1 elementor-widget elementor-widget-heading\" data-id=\"f6fa9a1\" data-element_type=\"widget\" data-widget_type=\"heading.default\">\n\t\t\t\t<div class=\"elementor-widget-container\">\n\t\t\t<style>\/*! elementor - v3.19.0 - 28-02-2024 *\/\n.elementor-heading-title{padding:0;margin:0;line-height:1}.elementor-widget-heading .elementor-heading-title[class*=elementor-size-]>a{color:inherit;font-size:inherit;line-height:inherit}.elementor-widget-heading .elementor-heading-title.elementor-size-small{font-size:15px}.elementor-widget-heading .elementor-heading-title.elementor-size-medium{font-size:19px}.elementor-widget-heading .elementor-heading-title.elementor-size-large{font-size:29px}.elementor-widget-heading .elementor-heading-title.elementor-size-xl{font-size:39px}.elementor-widget-heading .elementor-heading-title.elementor-size-xxl{font-size:59px}<\/style><h2 class=\"elementor-heading-title elementor-size-default\">Declaraci\u00f3n de Accesibilidad<\/h2>\t\t<\/div>\n\t\t\t\t<\/div>\n\t\t\t\t\t<\/div>\n\t\t<\/div>\n\t\t\t\t\t<\/div>\n\t\t<\/section>\n\t\t\t\t<section class=\"elementor-section elementor-top-section elementor-element elementor-element-ea834c4 elementor-section-boxed elementor-section-height-default elementor-section-height-default\" data-id=\"ea834c4\" data-element_type=\"section\">\n\t\t\t\t\t\t<div class=\"elementor-container elementor-column-gap-default\">\n\t\t\t\t\t<div class=\"elementor-column elementor-col-100 elementor-top-column elementor-element elementor-element-7fdaeec\" data-id=\"7fdaeec\" data-element_type=\"column\">\n\t\t\t<div class=\"elementor-widget-wrap elementor-element-populated\">\n\t\t\t\t\t\t<div class=\"elementor-element elementor-element-4d6c944 elementor-widget elementor-widget-text-editor\" data-id=\"4d6c944\" data-element_type=\"widget\" data-widget_type=\"text-editor.default\">\n\t\t\t\t<div class=\"elementor-widget-container\">\n\t\t\t<style>\/*! elementor - v3.19.0 - 28-02-2024 *\/\n.elementor-widget-text-editor.elementor-drop-cap-view-stacked .elementor-drop-cap{background-color:#69727d;color:#fff}.elementor-widget-text-editor.elementor-drop-cap-view-framed .elementor-drop-cap{color:#69727d;border:3px solid;background-color:transparent}.elementor-widget-text-editor:not(.elementor-drop-cap-view-default) .elementor-drop-cap{margin-top:8px}.elementor-widget-text-editor:not(.elementor-drop-cap-view-default) .elementor-drop-cap-letter{width:1em;height:1em}.elementor-widget-text-editor .elementor-drop-cap{float:left;text-align:center;line-height:1;font-size:50px}.elementor-widget-text-editor .elementor-drop-cap-letter{display:inline-block}<\/style>\t\t\t\t<p>L\u00c1ZARO INFORM\u00c1TICA se ha comprometido a hacer accesible www.lazaroinformatica.es, de conformidad con el <a href=\"https:\/\/www.boe.es\/buscar\/act.php?id=BOE-A-2018-12699\" target=\"_blank\" rel=\"noreferrer noopener\">Real Decreto 1112\/2018, de 7 de septiembre, sobre accesibilidad de los sitios web y aplicaciones para dispositivos m\u00f3viles del sector p\u00fablico<\/a>.<br \/>La presente declaraci\u00f3n de accesibilidad se aplica al dominio https:\/\/lazaroinformatica.es\/<\/p><h4>Situaci\u00f3n de cumplimiento<\/h4><p>Este sitio web es parcialmente conforme con el RD 1112\/2018 debido a las excepciones y a la falta de conformidad de los aspectos que se indican a continuaci\u00f3n.<\/p><h4>Contenido no accesible<\/h4><p>El contenido que se recoge a continuaci\u00f3n no es accesible por lo siguiente:<\/p><ul><li><strong>Falta de conformidad con el RD 1112\/2018:<\/strong><\/li><li>En algunas p\u00e1ginas el contraste de los componentes de interfaz de usuario y de objetos gr\u00e1ficos podr\u00eda no llegar al 3:1 con los colores adyacentes. [requisito n\u00famero 9.1.4.11 de la norma UNE-EN 301549:2019 contraste no textual].<\/li><li>Existen elementos que no son accesibles por teclado, como por ejemplo enlaces a redes sociales, el editor de textos para comentarios, elementos para ordenar resultados\u00a0de b\u00fasqueda, la paginaci\u00f3n de los resultados de b\u00fasqueda o las flechas de calendario\u00a0[requisito n\u00famero 9.2.1.1 Teclado, de UNE-EN 301549:2022].<\/li><li><span style=\"font-style: inherit; font-weight: inherit; color: var(--ast-global-color-3);\">Existen atajos de teclado que no funcionan [requisito n\u00famero 9.2.1.4 Atajos el teclado, de UNE-EN 301549:2019].<\/span><\/li><li><span style=\"font-style: inherit; font-weight: inherit; color: var(--ast-global-color-3);\">En algunas p\u00e1ginas no existe el mecanismo para omitir bloques de contenido que se repiten en varias p\u00e1ginas. [requisito n\u00famero 9.2.4.1 de la norma UNE-EN 301549:2019 evitar bloques]<\/span><\/li><li>En algunas p\u00e1ginas no se reconoce que elemento recibe el foco [requisito n\u00famero 9.2.4.7 de la norma UNE-EN 301549:2019 foco visible]<\/li><li>Existen errores puntuales en el acceso t\u00e1ctil para operar alg\u00fan contenido con un solo puntero [requisito n\u00famero 9.2.5.1 Gestos con el puntero de UNE-EN 301549:2022].<\/li><li>Los elementos de navegaci\u00f3n de la agenda no permiten la cancelaci\u00f3n del puntero [requisito n\u00famero 9.2.5.2 Cancelaci\u00f3n del puntero de UNE-EN 301549:2019]<\/li><li>Existen campos de formularios o botones donde el texto visible que act\u00faa como su etiqueta no forma parte de su nombre accesible [requisito n\u00famero 9.2.5.3 Inclusi\u00f3n de la etiqueta en el nombre de EN 301549 v2.1.2 \u2013 2018].<\/li><li>Activaci\u00f3n mediante movimiento. [requisito n\u00famero 9.2.5.4 Activaci\u00f3n mediante movimiento]<\/li><li>En algunas p\u00e1ginas al recibir el foco del interfaz de usuario se podr\u00eda iniciar un cambio de contexto autom\u00e1tico [requisito n\u00famero 9.3.2.1 de la norma UNE-EN 301549:2021-03 al recibir el foco]<\/li><li>La interacci\u00f3n del usuario con alg\u00fan control provoca cambios de p\u00e1gina sin advertirlo previamente. [requisito n\u00famero 9.3.2.2 de la norma UNE-EN 301549:2019 al recibir entradas]<\/li><li>Existen campos de formularios donde se informa del error cuando se introduce un valor incorrecto pero no se informa de una sugerencia para su correcci\u00f3n [requisito n\u00famero 9.3.3.3. Sugerencias ante errores, de UNE-EN 301549:2022].<\/li><li>No es posible la rectificar los datos enviados en un formulario para ello se tendr\u00eda que enviar de nuevo. [requisito 9.3.3.4 Prevenci\u00f3n de errores (legales, financieros, de datos) (Condicional)].<\/li><li>En algunas p\u00e1ginas los componentes de interfaz de usuario como elementos de formulario, enlaces y componentes generados por script no siguen la estructura recomendada por las pautas de accesibilidad. [requisito n\u00famero 9.4.1.2 de la norma UNE-EN 301549:2019 Nombre, funci\u00f3n, valor]<\/li><li>Se incumplen algunos de los requisitos WCAG 2.1\u00a0[requisito\u00a09.6\u00a0de UNE-EN 301549:2022].<\/li><li>Preservaci\u00f3n de la informaci\u00f3n de accesibilidad durante las transformaciones. [requisito 11.8.3]<\/li><li>Servicio de reparaci\u00f3n. [requisito 11.8.4]<\/li><li>Podr\u00edan existir fallos puntuales de edici\u00f3n en alguna p\u00e1gina web.<\/li><\/ul><ul><li><strong>Carga desproporcionada:<\/strong>\u00a0No aplica.<\/li><li><strong>El contenido no entra dentro del \u00e1mbito de la legislaci\u00f3n aplicable:<\/strong>\u00a0Podr\u00edan existir documentos en PDF u otros formatos ofim\u00e1ticos y contenidos multimedia que no cumplan en su totalidad los requisitos de accesibilidad exigidos. Contenidos de terceros que no est\u00e9n financiados ni desarrollados por el sujeto obligado ni est\u00e9n bajo su control.<\/li><\/ul><h4>Preparaci\u00f3n de la presente declaraci\u00f3n de accesibilidad<\/h4><p>La presente declaraci\u00f3n fue preparada el 02\/08\/2023.<\/p><p>El m\u00e9todo empleado para preparar la declaraci\u00f3n ha sido una autoevaluaci\u00f3n llevada a cabo por el propio organismo.<\/p><p>\u00daltima revisi\u00f3n de la declaraci\u00f3n: 02\/08\/2023.<\/p><h4>Observaciones y datos de contacto<\/h4><p>Puede realizar comunicaciones sobre requisitos de accesibilidad (articulo 10.2.a del RD 1112\/2018) como por ejemplo:<\/p><ul><li>Informar sobre cualquier posible incumplimiento por parte de este sitio web<\/li><\/ul><ul><li>Transmitir otras dificultades de acceso al contenido<\/li><\/ul><ul><li>Formular cualquier otra consulta o sugerencia de mejora relativa a la accesibilidad del sitio web<\/li><\/ul><p>A trav\u00e9s del\u00a0<a href=\"https:\/\/lazaroinformatica.es\/en\/formulario-de-contacto-accesibilidad\/\">formulario de contacto<\/a> de este sitio web o a trav\u00e9s del n\u00famero de tel\u00e9fono (+34) 617 867 844.<\/p><p>Puede presentar:<\/p><ul><li><strong>Queja\u00a0<\/strong>relativa al cumplimiento de los requisitos del RD 1112\/2018 o<\/li><\/ul><ul><li><strong>Solicitud de Informaci\u00f3n accesible<\/strong>\u00a0relativa a:<ul><li>Contenidos que est\u00e1n\u00a0excluidos\u00a0del\u00a0\u00e1mbito de aplicaci\u00f3n\u00a0del RD 1112\/2018 seg\u00fan lo establecido por el art\u00edculo 3, apartado 4<\/li><\/ul><ul><li>Contenidos que est\u00e1n exentos del cumplimiento de los requisitos de accesibilidad por imponer una carga desproporcionada.<\/li><\/ul><\/li><\/ul><p>En la Solicitud de informaci\u00f3n accesible, se debe concretar, con toda claridad, los hechos, razones y petici\u00f3n que permitan constatar que se trata de una solicitud razonable y leg\u00edtima.<\/p><p>Las comunicaciones ser\u00e1n recibidas y tratadas por la direcci\u00f3n de la empresa.<\/p><h4>Procedimiento de aplicaci\u00f3n<\/h4><p>Si una vez realizada una solicitud de informaci\u00f3n accesible o queja, esta hubiera sido desestimada, no se estuviera de acuerdo con la decisi\u00f3n adoptada, o la respuesta no cumpliera los requisitos contemplados en el art\u00edculo 12.5, la persona interesada podr\u00e1 iniciar una reclamaci\u00f3n. Igualmente se podr\u00e1 iniciar una reclamaci\u00f3n en el caso de que haya trascurrido el plazo de veinte d\u00edas h\u00e1biles sin haber obtenido respuesta.<\/p><p>La reclamaci\u00f3n puede ser presentada trav\u00e9s del tr\u00e1mite de\u00a0<a href=\"https:\/\/www.educacionyfp.gob.es\/servicios-al-ciudadano\/catalogo\/varios\/quejas-sugerencias.html\" target=\"_blank\" rel=\"noreferrer noopener\">Quejas y sugerencias<\/a>\u00a0del Ministerio de Educaci\u00f3n y Formaci\u00f3n Profesional, as\u00ed como del resto de opciones recogidas en la Ley 39\/ 2015, de 1 de octubre, del Procedimiento Administrativo Com\u00fan de las Administraciones P\u00fablicas. Las reclamaciones ser\u00e1n recibidas y tratadas por la Subdirecci\u00f3n General de Inspecci\u00f3n de Servicios del Ministerio.<\/p><h4>Contenido opcional<\/h4><p>El sitio web est\u00e1 optimizado para los principales navegadores.\u00a0Adem\u00e1s de las ayudas de accesibilidad propias de los navegadores y sistemas operativos, se incorpora un plugin de accesibilidad que facilita la navegaci\u00f3n a trav\u00e9s del sitio web, el cual proporciona:<\/p><ul><li>Aumento tama\u00f1o texto<\/li><li>Disminuci\u00f3n tama\u00f1o texto<\/li><li>Greyscale<\/li><li>High contrast<\/li><li>Negative contrast<\/li><li>Light background<\/li><li>Underline links<\/li><li>Legible font<\/li><li>Restablecer ajustes<\/li><\/ul><p>Estas son algunas de las ayudas que permiten actualmente a las personas acceder a toda la informaci\u00f3n publicada en cualquiera de los formatos que est\u00e1n dentro del sitio web. El sitio web est\u00e1 dise\u00f1ado para su visualizaci\u00f3n Responsive, con lo que se visualiza de forma \u00f3ptima en los dispositivos tablet y m\u00f3viles.<\/p><p>Este sitio web actualmente se encuentra en continua modificaci\u00f3n y actualizaci\u00f3n para seguir corrigiendo errores y adaptarlos en lo relativo a la accesibilidad.<\/p>\t\t\t\t\t\t<\/div>\n\t\t\t\t<\/div>\n\t\t\t\t\t<\/div>\n\t\t<\/div>\n\t\t\t\t\t<\/div>\n\t\t<\/section>\n\t\t\t\t<\/div>","protected":false},"excerpt":{"rendered":"<p>Declaraci\u00f3n de Accesibilidad L\u00c1ZARO INFORM\u00c1TICA se ha comprometido a hacer accesible www.lazaroinformatica.es, de conformidad con el Real Decreto 1112\/2018, de 7 de septiembre, sobre accesibilidad de los sitios web y aplicaciones para dispositivos m\u00f3viles del sector p\u00fablico.La presente declaraci\u00f3n de accesibilidad se aplica al dominio https:\/\/lazaroinformatica.es\/ Situaci\u00f3n de cumplimiento Este sitio web es parcialmente conforme &hellip;<\/p>\n<p class=\"read-more\"> <a class=\"\" href=\"https:\/\/lazaroinformatica.es\/en\/declaracion-de-accesibilidad\/\"> <span class=\"screen-reader-text\">Declaraci\u00f3n de Accesibilidad<\/span> Read More &raquo;<\/a><\/p>","protected":false},"author":1,"featured_media":0,"parent":0,"menu_order":0,"comment_status":"closed","ping_status":"closed","template":"","meta":{"site-sidebar-layout":"no-sidebar","site-content-layout":"page-builder","ast-global-header-display":"","ast-main-header-display":"","ast-hfb-above-header-display":"","ast-hfb-below-header-display":"","ast-hfb-mobile-header-display":"","site-post-title":"disabled","ast-breadcrumbs-content":"","ast-featured-img":"disabled","footer-sml-layout":"","theme-transparent-header-meta":"","adv-header-id-meta":"","stick-header-meta":"","header-above-stick-meta":"","header-main-stick-meta":"","header-below-stick-meta":"","footnotes":""},"class_list":["post-1217","page","type-page","status-publish","hentry"],"yoast_head":"<!-- This site is optimized with the Yoast SEO plugin v22.1 - https:\/\/yoast.com\/wordpress\/plugins\/seo\/ -->\n<title>Declaraci\u00f3n de Accesibilidad - L\u00e1zaro Inform\u00e1tica<\/title>\n<meta name=\"robots\" content=\"index, follow, max-snippet:-1, max-image-preview:large, max-video-preview:-1\" \/>\n<link rel=\"canonical\" href=\"https:\/\/lazaroinformatica.es\/en\/declaracion-de-accesibilidad\/\" \/>\n<meta property=\"og:locale\" content=\"en_GB\" \/>\n<meta property=\"og:type\" content=\"article\" \/>\n<meta property=\"og:title\" content=\"Declaraci\u00f3n de Accesibilidad - L\u00e1zaro Inform\u00e1tica\" \/>\n<meta property=\"og:description\" content=\"Declaraci\u00f3n de Accesibilidad L\u00c1ZARO INFORM\u00c1TICA se ha comprometido a hacer accesible www.lazaroinformatica.es, de conformidad con el Real Decreto 1112\/2018, de 7 de septiembre, sobre accesibilidad de los sitios web y aplicaciones para dispositivos m\u00f3viles del sector p\u00fablico.La presente declaraci\u00f3n de accesibilidad se aplica al dominio https:\/\/lazaroinformatica.es\/ Situaci\u00f3n de cumplimiento Este sitio web es parcialmente conforme &hellip; Declaraci\u00f3n de Accesibilidad Read More &raquo;\" \/>\n<meta property=\"og:url\" content=\"https:\/\/lazaroinformatica.es\/en\/declaracion-de-accesibilidad\/\" \/>\n<meta property=\"og:site_name\" content=\"L\u00e1zaro Inform\u00e1tica\" \/>\n<meta property=\"article:publisher\" content=\"https:\/\/www.facebook.com\/lazaroinformatica\" \/>\n<meta property=\"article:modified_time\" content=\"2023-08-02T09:18:51+00:00\" \/>\n<meta name=\"twitter:card\" content=\"summary_large_image\" \/>\n<meta name=\"twitter:label1\" content=\"Estimated reading time\" \/>\n\t<meta name=\"twitter:data1\" content=\"6 minutes\" \/>\n<script type=\"application\/ld+json\" class=\"yoast-schema-graph\">{\"@context\":\"https:\/\/schema.org\",\"@graph\":[{\"@type\":\"WebPage\",\"@id\":\"https:\/\/lazaroinformatica.es\/declaracion-de-accesibilidad\/\",\"url\":\"https:\/\/lazaroinformatica.es\/declaracion-de-accesibilidad\/\",\"name\":\"Declaraci\u00f3n de Accesibilidad - L\u00e1zaro Inform\u00e1tica\",\"isPartOf\":{\"@id\":\"https:\/\/lazaroinformatica.es\/#website\"},\"datePublished\":\"2023-08-02T08:08:20+00:00\",\"dateModified\":\"2023-08-02T09:18:51+00:00\",\"breadcrumb\":{\"@id\":\"https:\/\/lazaroinformatica.es\/declaracion-de-accesibilidad\/#breadcrumb\"},\"inLanguage\":\"en-GB\",\"potentialAction\":[{\"@type\":\"ReadAction\",\"target\":[\"https:\/\/lazaroinformatica.es\/declaracion-de-accesibilidad\/\"]}]},{\"@type\":\"BreadcrumbList\",\"@id\":\"https:\/\/lazaroinformatica.es\/declaracion-de-accesibilidad\/#breadcrumb\",\"itemListElement\":[{\"@type\":\"ListItem\",\"position\":1,\"name\":\"Portada\",\"item\":\"https:\/\/lazaroinformatica.es\/\"},{\"@type\":\"ListItem\",\"position\":2,\"name\":\"Declaraci\u00f3n de Accesibilidad\"}]},{\"@type\":\"WebSite\",\"@id\":\"https:\/\/lazaroinformatica.es\/#website\",\"url\":\"https:\/\/lazaroinformatica.es\/\",\"name\":\"L\u00e1zaro Inform\u00e1tica\",\"description\":\"Tienda de electr\u00f3nica\",\"publisher\":{\"@id\":\"https:\/\/lazaroinformatica.es\/#organization\"},\"potentialAction\":[{\"@type\":\"SearchAction\",\"target\":{\"@type\":\"EntryPoint\",\"urlTemplate\":\"https:\/\/lazaroinformatica.es\/?s={search_term_string}\"},\"query-input\":\"required name=search_term_string\"}],\"inLanguage\":\"en-GB\"},{\"@type\":\"Organization\",\"@id\":\"https:\/\/lazaroinformatica.es\/#organization\",\"name\":\"L\u00e1zaro Inform\u00e1tica\",\"url\":\"https:\/\/lazaroinformatica.es\/\",\"logo\":{\"@type\":\"ImageObject\",\"inLanguage\":\"en-GB\",\"@id\":\"https:\/\/lazaroinformatica.es\/#\/schema\/logo\/image\/\",\"url\":\"https:\/\/lazaroinformatica.es\/wp-content\/uploads\/2023\/05\/LogoMakr_36FBtv-300x54-1.png\",\"contentUrl\":\"https:\/\/lazaroinformatica.es\/wp-content\/uploads\/2023\/05\/LogoMakr_36FBtv-300x54-1.png\",\"width\":300,\"height\":54,\"caption\":\"L\u00e1zaro Inform\u00e1tica\"},\"image\":{\"@id\":\"https:\/\/lazaroinformatica.es\/#\/schema\/logo\/image\/\"},\"sameAs\":[\"https:\/\/www.facebook.com\/lazaroinformatica\",\"https:\/\/www.instagram.com\/lazaroinformatica\/\"]}]}<\/script>\n<!-- \/ Yoast SEO plugin. -->","yoast_head_json":{"title":"Declaraci\u00f3n de Accesibilidad - L\u00e1zaro Inform\u00e1tica","robots":{"index":"index","follow":"follow","max-snippet":"max-snippet:-1","max-image-preview":"max-image-preview:large","max-video-preview":"max-video-preview:-1"},"canonical":"https:\/\/lazaroinformatica.es\/en\/declaracion-de-accesibilidad\/","og_locale":"en_GB","og_type":"article","og_title":"Declaraci\u00f3n de Accesibilidad - L\u00e1zaro Inform\u00e1tica","og_description":"Declaraci\u00f3n de Accesibilidad L\u00c1ZARO INFORM\u00c1TICA se ha comprometido a hacer accesible www.lazaroinformatica.es, de conformidad con el Real Decreto 1112\/2018, de 7 de septiembre, sobre accesibilidad de los sitios web y aplicaciones para dispositivos m\u00f3viles del sector p\u00fablico.La presente declaraci\u00f3n de accesibilidad se aplica al dominio https:\/\/lazaroinformatica.es\/ Situaci\u00f3n de cumplimiento Este sitio web es parcialmente conforme &hellip; Declaraci\u00f3n de Accesibilidad Read More &raquo;","og_url":"https:\/\/lazaroinformatica.es\/en\/declaracion-de-accesibilidad\/","og_site_name":"L\u00e1zaro Inform\u00e1tica","article_publisher":"https:\/\/www.facebook.com\/lazaroinformatica","article_modified_time":"2023-08-02T09:18:51+00:00","twitter_card":"summary_large_image","twitter_misc":{"Estimated reading time":"6 minutes"},"schema":{"@context":"https:\/\/schema.org","@graph":[{"@type":"WebPage","@id":"https:\/\/lazaroinformatica.es\/declaracion-de-accesibilidad\/","url":"https:\/\/lazaroinformatica.es\/declaracion-de-accesibilidad\/","name":"Declaraci\u00f3n de Accesibilidad - L\u00e1zaro Inform\u00e1tica","isPartOf":{"@id":"https:\/\/lazaroinformatica.es\/#website"},"datePublished":"2023-08-02T08:08:20+00:00","dateModified":"2023-08-02T09:18:51+00:00","breadcrumb":{"@id":"https:\/\/lazaroinformatica.es\/declaracion-de-accesibilidad\/#breadcrumb"},"inLanguage":"en-GB","potentialAction":[{"@type":"ReadAction","target":["https:\/\/lazaroinformatica.es\/declaracion-de-accesibilidad\/"]}]},{"@type":"BreadcrumbList","@id":"https:\/\/lazaroinformatica.es\/declaracion-de-accesibilidad\/#breadcrumb","itemListElement":[{"@type":"ListItem","position":1,"name":"Portada","item":"https:\/\/lazaroinformatica.es\/"},{"@type":"ListItem","position":2,"name":"Declaraci\u00f3n de Accesibilidad"}]},{"@type":"WebSite","@id":"https:\/\/lazaroinformatica.es\/#website","url":"https:\/\/lazaroinformatica.es\/","name":"L\u00e1zaro Inform\u00e1tica","description":"Tienda de electr\u00f3nica","publisher":{"@id":"https:\/\/lazaroinformatica.es\/#organization"},"potentialAction":[{"@type":"SearchAction","target":{"@type":"EntryPoint","urlTemplate":"https:\/\/lazaroinformatica.es\/?s={search_term_string}"},"query-input":"required name=search_term_string"}],"inLanguage":"en-GB"},{"@type":"Organization","@id":"https:\/\/lazaroinformatica.es\/#organization","name":"L\u00e1zaro Inform\u00e1tica","url":"https:\/\/lazaroinformatica.es\/","logo":{"@type":"ImageObject","inLanguage":"en-GB","@id":"https:\/\/lazaroinformatica.es\/#\/schema\/logo\/image\/","url":"https:\/\/lazaroinformatica.es\/wp-content\/uploads\/2023\/05\/LogoMakr_36FBtv-300x54-1.png","contentUrl":"https:\/\/lazaroinformatica.es\/wp-content\/uploads\/2023\/05\/LogoMakr_36FBtv-300x54-1.png","width":300,"height":54,"caption":"L\u00e1zaro Inform\u00e1tica"},"image":{"@id":"https:\/\/lazaroinformatica.es\/#\/schema\/logo\/image\/"},"sameAs":["https:\/\/www.facebook.com\/lazaroinformatica","https:\/\/www.instagram.com\/lazaroinformatica\/"]}]}},"_links":{"self":[{"href":"https:\/\/lazaroinformatica.es\/en\/wp-json\/wp\/v2\/pages\/1217","targetHints":{"allow":["GET"]}}],"collection":[{"href":"https:\/\/lazaroinformatica.es\/en\/wp-json\/wp\/v2\/pages"}],"about":[{"href":"https:\/\/lazaroinformatica.es\/en\/wp-json\/wp\/v2\/types\/page"}],"author":[{"embeddable":true,"href":"https:\/\/lazaroinformatica.es\/en\/wp-json\/wp\/v2\/users\/1"}],"replies":[{"embeddable":true,"href":"https:\/\/lazaroinformatica.es\/en\/wp-json\/wp\/v2\/comments?post=1217"}],"version-history":[{"count":0,"href":"https:\/\/lazaroinformatica.es\/en\/wp-json\/wp\/v2\/pages\/1217\/revisions"}],"wp:attachment":[{"href":"https:\/\/lazaroinformatica.es\/en\/wp-json\/wp\/v2\/media?parent=1217"}],"curies":[{"name":"wp","href":"https:\/\/api.w.org\/{rel}","templated":true}]}}